{"id":1397,"date":"2024-06-10T14:14:17","date_gmt":"2024-06-10T11:14:17","guid":{"rendered":"https:\/\/dev.oldehansa.ee\/?page_id=1397"},"modified":"2024-09-30T17:10:58","modified_gmt":"2024-09-30T14:10:58","slug":"tietosuojakaytannot","status":"publish","type":"page","link":"https:\/\/dev.oldehansa.ee\/fi\/tietosuojakaytannot\/","title":{"rendered":"Tietosuojak\u00e4yt\u00e4nn\u00f6t"},"content":{"rendered":"<div class=\"fusion-fullwidth fullwidth-box fusion-builder-row-1 fusion-flex-container has-pattern-background has-mask-background nonhundred-percent-fullwidth non-hundred-percent-height-scrolling\" style=\"--awb-border-radius-top-left:0px;--awb-border-radius-top-right:0px;--awb-border-radius-bottom-right:0px;--awb-border-radius-bottom-left:0px;--awb-flex-wrap:wrap;\" ><div class=\"fusion-builder-row fusion-row fusion-flex-align-items-center fusion-flex-justify-content-center fusion-flex-content-wrap\" style=\"max-width:1248px;margin-left: calc(-4% \/ 2 );margin-right: calc(-4% \/ 2 );\"><div class=\"fusion-layout-column fusion_builder_column fusion-builder-column-0 fusion_builder_column_5_6 5_6 fusion-flex-column\" style=\"--awb-bg-size:cover;--awb-width-large:83.333333333333%;--awb-margin-top-large:0px;--awb-spacing-right-large:2.304%;--awb-margin-bottom-large:0px;--awb-spacing-left-large:2.304%;--awb-width-medium:83.333333333333%;--awb-spacing-right-medium:2.304%;--awb-spacing-left-medium:2.304%;--awb-width-small:100%;--awb-spacing-right-small:1.92%;--awb-spacing-left-small:1.92%;\"><div class=\"fusion-column-wrapper fusion-flex-justify-content-flex-start fusion-content-layout-column\"><div class=\"fusion-text fusion-text-1\"><h2 style=\"text-align: center;\">Tietosuojak\u00e4yt\u00e4nn\u00f6t<\/h2>\n<p>Olde Hansa (j\u00e4ljemp\u00e4n\u00e4 &#8220;me&#8221;) on sitoutunut suojaamaan yksityisyytt\u00e4si. T\u00e4m\u00e4 tietosuojak\u00e4yt\u00e4nt\u00f6 kuvaa, kuinka ker\u00e4\u00e4mme, k\u00e4yt\u00e4mme ja suojaamme henkil\u00f6tietojasi (&#8220;tiedot&#8221;) Viron tasavallan henkil\u00f6tietojen suojalain ja Euroopan unionin yleisen tietosuoja-asetuksen (GDPR) mukaisesti.<\/p>\n<ol>\n<li><strong>Ker\u00e4tt\u00e4v\u00e4t tiedot<\/strong><\/li>\n<\/ol>\n<p>Olde Hansa k\u00e4sittelee asiakkaidensa ja yhteyshenkil\u00f6idens\u00e4 tietoja, jotka ovat ilmaisseet kiinnostuksensa palveluihimme tai ovat aiemmin k\u00e4ytt\u00e4neet palveluitamme.<\/p>\n<p>Verkkosivustomme voi ker\u00e4t\u00e4 ja k\u00e4sitell\u00e4 seuraavia henkil\u00f6tietoja:<\/p>\n<ul>\n<li>Yhteystiedot: nimi, s\u00e4hk\u00f6postiosoite, puhelinnumero<\/li>\n<li>K\u00e4ytt\u00f6tiedot: verkkosivuston k\u00e4ytt\u00f6\u00f6n liittyv\u00e4t tiedot, kuten IP-osoite, vierailujen tiheys ja kesto, sivun\u00e4kym\u00e4t<\/li>\n<li>Muut tiedot: kaikki tiedot, jotka olet meille vapaaehtoisesti antanut, esimerkiksi yhteydenottolomakkeiden kautta<\/li>\n<\/ul>\n<ol start=\"2\">\n<li><strong>Tietojen k\u00e4ytt\u00f6<\/strong><\/li>\n<\/ol>\n<p>Ker\u00e4ttyj\u00e4 tietoja k\u00e4ytet\u00e4\u00e4n seuraaviin tarkoituksiin:<\/p>\n<ul>\n<li>Palveluiden tarjoamiseen ja verkkosivuston hallintaan<\/li>\n<li>Yhteydenpitoon kanssasi ja kyselyihisi vastaamiseen<\/li>\n<li>Palveluidemme ja k\u00e4ytt\u00e4j\u00e4kokemuksen parantamiseen<\/li>\n<li>Lakis\u00e4\u00e4teisten velvoitteiden noudattamiseen<\/li>\n<\/ul>\n<ol start=\"3\">\n<li><strong>Oikeudet ja valinnat<\/strong><\/li>\n<\/ol>\n<p>Sinulla on oikeus:<\/p>\n<ul>\n<li>Kysy\u00e4, mit\u00e4 tietoja me k\u00e4sittelemme sinusta<\/li>\n<li>Pyyt\u00e4\u00e4 tietojen oikaisua tai poistamista<\/li>\n<li>Rajoittaa tietojen k\u00e4sittely\u00e4 tietyiss\u00e4 olosuhteissa<\/li>\n<li>Esitt\u00e4\u00e4 vastalauseita tietojen k\u00e4sittelylle<\/li>\n<li>Tietojen siirrett\u00e4vyysoikeus, jonka avulla voit siirt\u00e4\u00e4 tietosi toiselle palveluntarjoajalle<\/li>\n<\/ul>\n<ol start=\"4\">\n<li><strong>Tietojen jakaminen ja luovuttaminen<\/strong><\/li>\n<\/ol>\n<p>Emme jaa henkil\u00f6tietojasi kolmansien osapuolten kanssa, paitsi seuraavissa tapauksissa:<\/p>\n<ul>\n<li>Kun se on tarpeen palveluidemme tarjoamiseksi<\/li>\n<li>Kun laki sit\u00e4 vaatii tai oikeudellisten velvoitteiden t\u00e4ytt\u00e4miseksi<\/li>\n<li>Kun olet antanut meille siihen nimenomaisen suostumuksesi<\/li>\n<\/ul>\n<ol start=\"5\">\n<li><strong>Tietojen suojaus<\/strong><\/li>\n<\/ol>\n<p>K\u00e4yt\u00e4mme asianmukaisia teknisi\u00e4 ja organisatorisia toimenpiteit\u00e4 suojataksemme henkil\u00f6tietojasi luvattomalta k\u00e4yt\u00f6lt\u00e4, muuttamiselta, luovuttamiselta tai tuhoamiselta.<\/p>\n<ol start=\"6\">\n<li><strong>Ev\u00e4steet ja seurantateknologiat<\/strong><\/li>\n<\/ol>\n<p>Verkkosivustomme k\u00e4ytt\u00e4\u00e4 ev\u00e4steit\u00e4 ja vastaavia tekniikoita parantaakseen k\u00e4ytt\u00e4j\u00e4kokemusta ja ker\u00e4t\u00e4kseen analytiikkatietoja.<\/p>\n<ol start=\"7\">\n<li><strong>Tietosuojak\u00e4yt\u00e4nn\u00f6n muutokset<\/strong><\/li>\n<\/ol>\n<p>Pid\u00e4t\u00e4mme oikeuden muuttaa t\u00e4t\u00e4 tietosuojak\u00e4yt\u00e4nt\u00f6\u00e4 milloin tahansa. Kaikki muutokset julkaistaan verkkosivustollamme. Suosittelemme, ett\u00e4 tutustut s\u00e4\u00e4nn\u00f6llisesti tietosuojak\u00e4yt\u00e4nt\u00f6\u00f6mme mahdollisten muutosten varalta.<\/p>\n<ol start=\"8\">\n<li><strong>Yhteystiedot<\/strong><\/li>\n<\/ol>\n<p>Jos sinulla on kysytt\u00e4v\u00e4\u00e4 tai huolenaiheita tietosuojak\u00e4yt\u00e4nt\u00f6\u00f6mme tai tietojen k\u00e4sittelyk\u00e4yt\u00e4nt\u00f6ihimme liittyen, ota meihin yhteytt\u00e4:<\/p>\n<ul>\n<li>S\u00e4hk\u00f6posti: reserve@oldehansa.ee<\/li>\n<li>Puhelin: +372 627 9020<\/li>\n<li>Osoite: Olde Hansa, Vana Turg 1, Tallinna, Viro<\/li>\n<\/ul>\n<p>T\u00e4m\u00e4 tietosuojak\u00e4yt\u00e4nt\u00f6 on viimeksi p\u00e4ivitetty 1. hein\u00e4kuuta 2024.<\/p>\n<\/div><\/div><\/div><\/div><\/div>\n","protected":false},"excerpt":{"rendered":"","protected":false},"author":6,"featured_media":0,"parent":0,"menu_order":0,"comment_status":"closed","ping_status":"closed","template":"100-width.php","meta":{"_acf_changed":false,"footnotes":""},"class_list":["post-1397","page","type-page","status-publish","hentry"],"acf":[],"yoast_head":"<!-- This site is optimized with the Yoast SEO plugin v23.5 - https:\/\/yoast.com\/wordpress\/plugins\/seo\/ -->\n<title>Tietosuojak\u00e4yt\u00e4nn\u00f6t - Olde Hansa<\/title>\n<meta name=\"robots\" content=\"noindex, nofollow\" \/>\n<meta property=\"og:locale\" content=\"fi_FI\" \/>\n<meta property=\"og:type\" content=\"article\" \/>\n<meta property=\"og:title\" content=\"Tietosuojak\u00e4yt\u00e4nn\u00f6t - Olde Hansa\" \/>\n<meta property=\"og:url\" content=\"https:\/\/dev.oldehansa.ee\/privacy-policy\/\" \/>\n<meta property=\"og:site_name\" content=\"Olde Hansa\" \/>\n<meta property=\"article:modified_time\" content=\"2024-09-30T14:10:58+00:00\" \/>\n<meta name=\"twitter:card\" content=\"summary_large_image\" \/>\n<meta name=\"twitter:label1\" content=\"Arvioitu lukuaika\" \/>\n\t<meta name=\"twitter:data1\" content=\"2 minuuttia\" \/>\n<script type=\"application\/ld+json\" class=\"yoast-schema-graph\">{\"@context\":\"https:\/\/schema.org\",\"@graph\":[{\"@type\":\"WebPage\",\"@id\":\"https:\/\/dev.oldehansa.ee\/privacy-policy\/\",\"url\":\"https:\/\/dev.oldehansa.ee\/privacy-policy\/\",\"name\":\"Tietosuojak\u00e4yt\u00e4nn\u00f6t - Olde Hansa\",\"isPartOf\":{\"@id\":\"https:\/\/dev.oldehansa.ee\/#website\"},\"datePublished\":\"2024-06-10T11:14:17+00:00\",\"dateModified\":\"2024-09-30T14:10:58+00:00\",\"breadcrumb\":{\"@id\":\"https:\/\/dev.oldehansa.ee\/privacy-policy\/#breadcrumb\"},\"inLanguage\":\"fi\",\"potentialAction\":[{\"@type\":\"ReadAction\",\"target\":[\"https:\/\/dev.oldehansa.ee\/privacy-policy\/\"]}]},{\"@type\":\"BreadcrumbList\",\"@id\":\"https:\/\/dev.oldehansa.ee\/privacy-policy\/#breadcrumb\",\"itemListElement\":[{\"@type\":\"ListItem\",\"position\":1,\"name\":\"Home\",\"item\":\"https:\/\/dev.oldehansa.ee\/fi\/\"},{\"@type\":\"ListItem\",\"position\":2,\"name\":\"Tietosuojak\u00e4yt\u00e4nn\u00f6t\"}]},{\"@type\":\"WebSite\",\"@id\":\"https:\/\/dev.oldehansa.ee\/#website\",\"url\":\"https:\/\/dev.oldehansa.ee\/\",\"name\":\"Olde Hansa\",\"description\":\"\",\"potentialAction\":[{\"@type\":\"SearchAction\",\"target\":{\"@type\":\"EntryPoint\",\"urlTemplate\":\"https:\/\/dev.oldehansa.ee\/?s={search_term_string}\"},\"query-input\":{\"@type\":\"PropertyValueSpecification\",\"valueRequired\":true,\"valueName\":\"search_term_string\"}}],\"inLanguage\":\"fi\"}]}<\/script>\n<!-- \/ Yoast SEO plugin. -->","yoast_head_json":{"title":"Tietosuojak\u00e4yt\u00e4nn\u00f6t - Olde Hansa","robots":{"index":"noindex","follow":"nofollow"},"og_locale":"fi_FI","og_type":"article","og_title":"Tietosuojak\u00e4yt\u00e4nn\u00f6t - Olde Hansa","og_url":"https:\/\/dev.oldehansa.ee\/privacy-policy\/","og_site_name":"Olde Hansa","article_modified_time":"2024-09-30T14:10:58+00:00","twitter_card":"summary_large_image","twitter_misc":{"Arvioitu lukuaika":"2 minuuttia"},"schema":{"@context":"https:\/\/schema.org","@graph":[{"@type":"WebPage","@id":"https:\/\/dev.oldehansa.ee\/privacy-policy\/","url":"https:\/\/dev.oldehansa.ee\/privacy-policy\/","name":"Tietosuojak\u00e4yt\u00e4nn\u00f6t - Olde Hansa","isPartOf":{"@id":"https:\/\/dev.oldehansa.ee\/#website"},"datePublished":"2024-06-10T11:14:17+00:00","dateModified":"2024-09-30T14:10:58+00:00","breadcrumb":{"@id":"https:\/\/dev.oldehansa.ee\/privacy-policy\/#breadcrumb"},"inLanguage":"fi","potentialAction":[{"@type":"ReadAction","target":["https:\/\/dev.oldehansa.ee\/privacy-policy\/"]}]},{"@type":"BreadcrumbList","@id":"https:\/\/dev.oldehansa.ee\/privacy-policy\/#breadcrumb","itemListElement":[{"@type":"ListItem","position":1,"name":"Home","item":"https:\/\/dev.oldehansa.ee\/fi\/"},{"@type":"ListItem","position":2,"name":"Tietosuojak\u00e4yt\u00e4nn\u00f6t"}]},{"@type":"WebSite","@id":"https:\/\/dev.oldehansa.ee\/#website","url":"https:\/\/dev.oldehansa.ee\/","name":"Olde Hansa","description":"","potentialAction":[{"@type":"SearchAction","target":{"@type":"EntryPoint","urlTemplate":"https:\/\/dev.oldehansa.ee\/?s={search_term_string}"},"query-input":{"@type":"PropertyValueSpecification","valueRequired":true,"valueName":"search_term_string"}}],"inLanguage":"fi"}]}},"_links":{"self":[{"href":"https:\/\/dev.oldehansa.ee\/fi\/wp-json\/wp\/v2\/pages\/1397","targetHints":{"allow":["GET"]}}],"collection":[{"href":"https:\/\/dev.oldehansa.ee\/fi\/wp-json\/wp\/v2\/pages"}],"about":[{"href":"https:\/\/dev.oldehansa.ee\/fi\/wp-json\/wp\/v2\/types\/page"}],"author":[{"embeddable":true,"href":"https:\/\/dev.oldehansa.ee\/fi\/wp-json\/wp\/v2\/users\/6"}],"replies":[{"embeddable":true,"href":"https:\/\/dev.oldehansa.ee\/fi\/wp-json\/wp\/v2\/comments?post=1397"}],"version-history":[{"count":3,"href":"https:\/\/dev.oldehansa.ee\/fi\/wp-json\/wp\/v2\/pages\/1397\/revisions"}],"predecessor-version":[{"id":1720,"href":"https:\/\/dev.oldehansa.ee\/fi\/wp-json\/wp\/v2\/pages\/1397\/revisions\/1720"}],"wp:attachment":[{"href":"https:\/\/dev.oldehansa.ee\/fi\/wp-json\/wp\/v2\/media?parent=1397"}],"curies":[{"name":"wp","href":"https:\/\/api.w.org\/{rel}","templated":true}]}}