{"id":1383,"date":"2024-06-10T13:27:54","date_gmt":"2024-06-10T10:27:54","guid":{"rendered":"https:\/\/dev.oldehansa.ee\/?page_id=1383"},"modified":"2025-11-24T08:48:44","modified_gmt":"2025-11-24T06:48:44","slug":"kontakt","status":"publish","type":"page","link":"https:\/\/dev.oldehansa.ee\/fi\/kontakt\/","title":{"rendered":"Kontakt"},"content":{"rendered":"<p><div class=\"fusion-fullwidth fullwidth-box fusion-builder-row-1 fusion-flex-container has-pattern-background has-mask-background fusion-parallax-none nonhundred-percent-fullwidth non-hundred-percent-height-scrolling\" style=\"--awb-border-radius-top-left:0px;--awb-border-radius-top-right:0px;--awb-border-radius-bottom-right:0px;--awb-border-radius-bottom-left:0px;--awb-background-image:url(&quot;https:\/\/dev.oldehansa.ee\/wp-content\/uploads\/2024\/06\/contact-hero.webp&quot;);--awb-background-size:cover;--awb-flex-wrap:wrap;\" ><div class=\"fusion-builder-row fusion-row fusion-flex-align-items-flex-start fusion-flex-content-wrap\" style=\"max-width:1248px;margin-left: calc(-4% \/ 2 );margin-right: calc(-4% \/ 2 );\"><div class=\"fusion-layout-column fusion_builder_column fusion-builder-column-0 fusion_builder_column_1_1 1_1 fusion-flex-column\" style=\"--awb-bg-size:cover;--awb-width-large:100%;--awb-margin-top-large:0px;--awb-spacing-right-large:1.92%;--awb-margin-bottom-large:20px;--awb-spacing-left-large:1.92%;--awb-width-medium:100%;--awb-order-medium:0;--awb-spacing-right-medium:1.92%;--awb-spacing-left-medium:1.92%;--awb-width-small:100%;--awb-order-small:0;--awb-spacing-right-small:1.92%;--awb-spacing-left-small:1.92%;\"><div class=\"fusion-column-wrapper fusion-column-has-shadow fusion-flex-justify-content-flex-start fusion-content-layout-column\"><div class=\"fusion-separator fusion-full-width-sep\" style=\"align-self: center;margin-left: auto;margin-right: auto;margin-top:500px;width:100%;\"><\/div><\/div><\/div><\/div><\/div><div class=\"fusion-fullwidth fullwidth-box fusion-builder-row-2 fusion-flex-container has-pattern-background has-mask-background nonhundred-percent-fullwidth non-hundred-percent-height-scrolling\" style=\"--awb-border-radius-top-left:0px;--awb-border-radius-top-right:0px;--awb-border-radius-bottom-right:0px;--awb-border-radius-bottom-left:0px;--awb-margin-top:20px;--awb-flex-wrap:wrap;\" ><div class=\"fusion-builder-row fusion-row fusion-flex-align-items-center fusion-flex-content-wrap\" style=\"max-width:1248px;margin-left: calc(-4% \/ 2 );margin-right: calc(-4% \/ 2 );\"><div class=\"fusion-layout-column fusion_builder_column fusion-builder-column-1 fusion_builder_column_1_1 1_1 fusion-flex-column\" style=\"--awb-bg-size:cover;--awb-width-large:100%;--awb-margin-top-large:0px;--awb-spacing-right-large:1.92%;--awb-margin-bottom-large:20px;--awb-spacing-left-large:1.92%;--awb-width-medium:100%;--awb-order-medium:0;--awb-spacing-right-medium:1.92%;--awb-spacing-left-medium:1.92%;--awb-width-small:100%;--awb-order-small:0;--awb-spacing-right-small:1.92%;--awb-spacing-left-small:1.92%;\"><div class=\"fusion-column-wrapper fusion-column-has-shadow fusion-flex-justify-content-flex-start fusion-content-layout-column\"><div class=\"fusion-title title fusion-title-1 fusion-sep-none fusion-title-center fusion-title-text fusion-title-size-one\" style=\"--awb-margin-bottom:0px;\"><h1 class=\"fusion-title-heading title-heading-center fusion-responsive-typography-calculated\" style=\"margin:0;--fontSize:64;line-height:var(--awb-typography1-line-height);\">Tervetuloa Rikkaiden Kauppiaiden Taloon<\/h1><\/div><\/div><\/div><div class=\"fusion-layout-column fusion_builder_column fusion-builder-column-2 fusion_builder_column_1_2 1_2 fusion-flex-column\" style=\"--awb-bg-size:cover;--awb-width-large:50%;--awb-margin-top-large:0px;--awb-spacing-right-large:3.84%;--awb-margin-bottom-large:20px;--awb-spacing-left-large:3.84%;--awb-width-medium:50%;--awb-order-medium:0;--awb-spacing-right-medium:3.84%;--awb-spacing-left-medium:3.84%;--awb-width-small:100%;--awb-order-small:0;--awb-spacing-right-small:1.92%;--awb-spacing-left-small:1.92%;\"><div class=\"fusion-column-wrapper fusion-column-has-shadow fusion-flex-justify-content-flex-start fusion-content-layout-column\"><div class=\"fusion-image-element \" style=\"text-align:center;--awb-caption-title-font-family:var(--h2_typography-font-family);--awb-caption-title-font-weight:var(--h2_typography-font-weight);--awb-caption-title-font-style:var(--h2_typography-font-style);--awb-caption-title-size:var(--h2_typography-font-size);--awb-caption-title-transform:var(--h2_typography-text-transform);--awb-caption-title-line-height:var(--h2_typography-line-height);--awb-caption-title-letter-spacing:var(--h2_typography-letter-spacing);\"><span class=\" fusion-imageframe imageframe-none imageframe-1 hover-type-none\"><img decoding=\"async\" width=\"618\" height=\"450\" title=\"Olde Hansa\" src=\"https:\/\/dev.oldehansa.ee\/wp-content\/uploads\/2024\/06\/Olde-Hansa-maja_3.webp\" alt class=\"img-responsive wp-image-1275\" srcset=\"https:\/\/dev.oldehansa.ee\/wp-content\/uploads\/2024\/06\/Olde-Hansa-maja_3-66x48.webp 66w, https:\/\/dev.oldehansa.ee\/wp-content\/uploads\/2024\/06\/Olde-Hansa-maja_3-177x129.webp 177w, https:\/\/dev.oldehansa.ee\/wp-content\/uploads\/2024\/06\/Olde-Hansa-maja_3-200x146.webp 200w, https:\/\/dev.oldehansa.ee\/wp-content\/uploads\/2024\/06\/Olde-Hansa-maja_3-300x218.webp 300w, https:\/\/dev.oldehansa.ee\/wp-content\/uploads\/2024\/06\/Olde-Hansa-maja_3-320x233.webp 320w, https:\/\/dev.oldehansa.ee\/wp-content\/uploads\/2024\/06\/Olde-Hansa-maja_3-400x291.webp 400w, https:\/\/dev.oldehansa.ee\/wp-content\/uploads\/2024\/06\/Olde-Hansa-maja_3-460x335.webp 460w, https:\/\/dev.oldehansa.ee\/wp-content\/uploads\/2024\/06\/Olde-Hansa-maja_3-540x393.webp 540w, https:\/\/dev.oldehansa.ee\/wp-content\/uploads\/2024\/06\/Olde-Hansa-maja_3-600x437.webp 600w, https:\/\/dev.oldehansa.ee\/wp-content\/uploads\/2024\/06\/Olde-Hansa-maja_3.webp 618w\" sizes=\"(max-width: 640px) 100vw, 600px\" \/><\/span><\/div><\/div><\/div><div class=\"fusion-layout-column fusion_builder_column fusion-builder-column-3 fusion_builder_column_1_2 1_2 fusion-flex-column\" style=\"--awb-bg-size:cover;--awb-width-large:50%;--awb-margin-top-large:0px;--awb-spacing-right-large:3.84%;--awb-margin-bottom-large:20px;--awb-spacing-left-large:3.84%;--awb-width-medium:50%;--awb-order-medium:0;--awb-spacing-right-medium:3.84%;--awb-spacing-left-medium:3.84%;--awb-width-small:100%;--awb-order-small:0;--awb-spacing-right-small:1.92%;--awb-spacing-left-small:1.92%;\"><div class=\"fusion-column-wrapper fusion-column-has-shadow fusion-flex-justify-content-flex-start fusion-content-layout-column\"><div class=\"fusion-text fusion-text-1\"><p><strong>Olemme avoinna joka p\u00e4iv\u00e4 ymp\u00e4ri vuoden klo 11.00 \u2013 00.00 <\/strong><\/p>\n<ul>\n<li>Kokit l\u00e4htev\u00e4t kotiin tuntia ennen sulkemista<\/li>\n<\/ul>\n<p><strong>Osoite<\/strong>: Vana turg 1, 10140 Tallinn, Viro<\/p>\n<p><strong>Ota yhteytt\u00e4:<\/strong> <a href=\"tel:+3726279020\">+372 627 9020<\/a>, <a href=\"mailto:reserve@oldehansa.ee\">reserve@oldehansa.ee<\/a><\/p>\n<\/div><\/div><\/div><\/div><\/div><div class=\"fusion-fullwidth fullwidth-box fusion-builder-row-3 fusion-flex-container has-pattern-background has-mask-background hundred-percent-fullwidth non-hundred-percent-height-scrolling\" style=\"--awb-border-radius-top-left:0px;--awb-border-radius-top-right:0px;--awb-border-radius-bottom-right:0px;--awb-border-radius-bottom-left:0px;--awb-padding-right-small:0px;--awb-padding-left-small:0px;--awb-margin-bottom:0px;--awb-flex-wrap:wrap;\" ><div class=\"fusion-builder-row fusion-row fusion-flex-align-items-flex-start fusion-flex-content-wrap\" style=\"width:104% !important;max-width:104% !important;margin-left: calc(-4% \/ 2 );margin-right: calc(-4% \/ 2 );\"><div class=\"fusion-layout-column fusion_builder_column fusion-builder-column-4 fusion_builder_column_1_1 1_1 fusion-flex-column\" style=\"--awb-bg-size:cover;--awb-width-large:100%;--awb-margin-top-large:0px;--awb-spacing-right-large:0%;--awb-margin-bottom-large:0px;--awb-spacing-left-large:0%;--awb-width-medium:100%;--awb-order-medium:0;--awb-spacing-right-medium:0%;--awb-spacing-left-medium:0%;--awb-width-small:100%;--awb-order-small:0;--awb-spacing-right-small:1.92%;--awb-spacing-left-small:1.92%;\"><div class=\"fusion-column-wrapper fusion-column-has-shadow fusion-flex-justify-content-flex-start fusion-content-layout-column\"><div class=\"fusion-title title fusion-title-2 fusion-sep-none fusion-title-center fusion-title-text fusion-title-size-two\"><h2 class=\"fusion-title-heading title-heading-center fusion-responsive-typography-calculated\" style=\"margin:0;--fontSize:56;line-height:var(--awb-typography1-line-height);\">Sijaintimme<\/h2><\/div><iframe src=\"https:\/\/www.google.com\/maps\/embed?pb=!1m18!1m12!1m3!1d2028.7829306079482!2d24.743276576792557!3d59.436694802422416!2m3!1f0!2f0!3f0!3m2!1i1024!2i768!4f13.1!3m3!1m2!1s0x469293621b100339%3A0xcd25708ab00a557e!2sVana%20turg%201%2C%2010140%20Tallinn%2C%20Eesti!5e0!3m2!1set!2ses!4v1717836458051!5m2!1set!2ses\" width=\"100%\" height=\"450\" style=\"border:0;\" allowfullscreen=\"\" loading=\"lazy\" referrerpolicy=\"no-referrer-when-downgrade\"><\/iframe><\/div><\/div><\/div><\/div><\/p>\n","protected":false},"excerpt":{"rendered":"","protected":false},"author":6,"featured_media":0,"parent":0,"menu_order":0,"comment_status":"closed","ping_status":"closed","template":"100-width.php","meta":{"_acf_changed":false,"footnotes":""},"class_list":["post-1383","page","type-page","status-publish","hentry"],"acf":[],"yoast_head":"<!-- This site is optimized with the Yoast SEO plugin v23.5 - https:\/\/yoast.com\/wordpress\/plugins\/seo\/ -->\n<title>Tervetuloa Rikkaiden kauppiaiden taloon - Olde Hansa<\/title>\n<meta name=\"description\" content=\"Olemme avoinna p\u00e4ivitt\u00e4in klo 11.00\u2013keskiy\u00f6h\u00f6n. Ota meihin yhteytt\u00e4: +372 627 9020, reserve@oldehansa.ee\" \/>\n<meta name=\"robots\" content=\"index, follow, max-snippet:-1, max-image-preview:large, max-video-preview:-1\" \/>\n<link rel=\"canonical\" href=\"https:\/\/dev.oldehansa.ee\/fi\/kontakt\/\" \/>\n<meta property=\"og:locale\" content=\"fi_FI\" \/>\n<meta property=\"og:type\" content=\"article\" \/>\n<meta property=\"og:title\" content=\"Tervetuloa Rikkaiden kauppiaiden taloon - Olde Hansa\" \/>\n<meta property=\"og:description\" content=\"Olemme avoinna p\u00e4ivitt\u00e4in klo 11.00\u2013keskiy\u00f6h\u00f6n. Ota meihin yhteytt\u00e4: +372 627 9020, reserve@oldehansa.ee\" \/>\n<meta property=\"og:url\" content=\"https:\/\/dev.oldehansa.ee\/fi\/kontakt\/\" \/>\n<meta property=\"og:site_name\" content=\"Olde Hansa\" \/>\n<meta property=\"article:modified_time\" content=\"2025-11-24T06:48:44+00:00\" \/>\n<meta name=\"twitter:card\" content=\"summary_large_image\" \/>\n<meta name=\"twitter:label1\" content=\"Arvioitu lukuaika\" \/>\n\t<meta name=\"twitter:data1\" content=\"1 minuutti\" \/>\n<script type=\"application\/ld+json\" class=\"yoast-schema-graph\">{\"@context\":\"https:\/\/schema.org\",\"@graph\":[{\"@type\":\"WebPage\",\"@id\":\"https:\/\/dev.oldehansa.ee\/fi\/kontakt\/\",\"url\":\"https:\/\/dev.oldehansa.ee\/fi\/kontakt\/\",\"name\":\"Tervetuloa Rikkaiden kauppiaiden taloon - Olde Hansa\",\"isPartOf\":{\"@id\":\"https:\/\/dev.oldehansa.ee\/#website\"},\"datePublished\":\"2024-06-10T10:27:54+00:00\",\"dateModified\":\"2025-11-24T06:48:44+00:00\",\"description\":\"Olemme avoinna p\u00e4ivitt\u00e4in klo 11.00\u2013keskiy\u00f6h\u00f6n. Ota meihin yhteytt\u00e4: +372 627 9020, reserve@oldehansa.ee\",\"breadcrumb\":{\"@id\":\"https:\/\/dev.oldehansa.ee\/fi\/kontakt\/#breadcrumb\"},\"inLanguage\":\"fi\",\"potentialAction\":[{\"@type\":\"ReadAction\",\"target\":[\"https:\/\/dev.oldehansa.ee\/fi\/kontakt\/\"]}]},{\"@type\":\"BreadcrumbList\",\"@id\":\"https:\/\/dev.oldehansa.ee\/fi\/kontakt\/#breadcrumb\",\"itemListElement\":[{\"@type\":\"ListItem\",\"position\":1,\"name\":\"Home\",\"item\":\"https:\/\/dev.oldehansa.ee\/fi\/\"},{\"@type\":\"ListItem\",\"position\":2,\"name\":\"Kontakt\"}]},{\"@type\":\"WebSite\",\"@id\":\"https:\/\/dev.oldehansa.ee\/#website\",\"url\":\"https:\/\/dev.oldehansa.ee\/\",\"name\":\"Olde Hansa\",\"description\":\"\",\"potentialAction\":[{\"@type\":\"SearchAction\",\"target\":{\"@type\":\"EntryPoint\",\"urlTemplate\":\"https:\/\/dev.oldehansa.ee\/?s={search_term_string}\"},\"query-input\":{\"@type\":\"PropertyValueSpecification\",\"valueRequired\":true,\"valueName\":\"search_term_string\"}}],\"inLanguage\":\"fi\"}]}<\/script>\n<!-- \/ Yoast SEO plugin. -->","yoast_head_json":{"title":"Tervetuloa Rikkaiden kauppiaiden taloon - Olde Hansa","description":"Olemme avoinna p\u00e4ivitt\u00e4in klo 11.00\u2013keskiy\u00f6h\u00f6n. Ota meihin yhteytt\u00e4: +372 627 9020, reserve@oldehansa.ee","robots":{"index":"index","follow":"follow","max-snippet":"max-snippet:-1","max-image-preview":"max-image-preview:large","max-video-preview":"max-video-preview:-1"},"canonical":"https:\/\/dev.oldehansa.ee\/fi\/kontakt\/","og_locale":"fi_FI","og_type":"article","og_title":"Tervetuloa Rikkaiden kauppiaiden taloon - Olde Hansa","og_description":"Olemme avoinna p\u00e4ivitt\u00e4in klo 11.00\u2013keskiy\u00f6h\u00f6n. Ota meihin yhteytt\u00e4: +372 627 9020, reserve@oldehansa.ee","og_url":"https:\/\/dev.oldehansa.ee\/fi\/kontakt\/","og_site_name":"Olde Hansa","article_modified_time":"2025-11-24T06:48:44+00:00","twitter_card":"summary_large_image","twitter_misc":{"Arvioitu lukuaika":"1 minuutti"},"schema":{"@context":"https:\/\/schema.org","@graph":[{"@type":"WebPage","@id":"https:\/\/dev.oldehansa.ee\/fi\/kontakt\/","url":"https:\/\/dev.oldehansa.ee\/fi\/kontakt\/","name":"Tervetuloa Rikkaiden kauppiaiden taloon - Olde Hansa","isPartOf":{"@id":"https:\/\/dev.oldehansa.ee\/#website"},"datePublished":"2024-06-10T10:27:54+00:00","dateModified":"2025-11-24T06:48:44+00:00","description":"Olemme avoinna p\u00e4ivitt\u00e4in klo 11.00\u2013keskiy\u00f6h\u00f6n. Ota meihin yhteytt\u00e4: +372 627 9020, reserve@oldehansa.ee","breadcrumb":{"@id":"https:\/\/dev.oldehansa.ee\/fi\/kontakt\/#breadcrumb"},"inLanguage":"fi","potentialAction":[{"@type":"ReadAction","target":["https:\/\/dev.oldehansa.ee\/fi\/kontakt\/"]}]},{"@type":"BreadcrumbList","@id":"https:\/\/dev.oldehansa.ee\/fi\/kontakt\/#breadcrumb","itemListElement":[{"@type":"ListItem","position":1,"name":"Home","item":"https:\/\/dev.oldehansa.ee\/fi\/"},{"@type":"ListItem","position":2,"name":"Kontakt"}]},{"@type":"WebSite","@id":"https:\/\/dev.oldehansa.ee\/#website","url":"https:\/\/dev.oldehansa.ee\/","name":"Olde Hansa","description":"","potentialAction":[{"@type":"SearchAction","target":{"@type":"EntryPoint","urlTemplate":"https:\/\/dev.oldehansa.ee\/?s={search_term_string}"},"query-input":{"@type":"PropertyValueSpecification","valueRequired":true,"valueName":"search_term_string"}}],"inLanguage":"fi"}]}},"_links":{"self":[{"href":"https:\/\/dev.oldehansa.ee\/fi\/wp-json\/wp\/v2\/pages\/1383","targetHints":{"allow":["GET"]}}],"collection":[{"href":"https:\/\/dev.oldehansa.ee\/fi\/wp-json\/wp\/v2\/pages"}],"about":[{"href":"https:\/\/dev.oldehansa.ee\/fi\/wp-json\/wp\/v2\/types\/page"}],"author":[{"embeddable":true,"href":"https:\/\/dev.oldehansa.ee\/fi\/wp-json\/wp\/v2\/users\/6"}],"replies":[{"embeddable":true,"href":"https:\/\/dev.oldehansa.ee\/fi\/wp-json\/wp\/v2\/comments?post=1383"}],"version-history":[{"count":7,"href":"https:\/\/dev.oldehansa.ee\/fi\/wp-json\/wp\/v2\/pages\/1383\/revisions"}],"predecessor-version":[{"id":2182,"href":"https:\/\/dev.oldehansa.ee\/fi\/wp-json\/wp\/v2\/pages\/1383\/revisions\/2182"}],"wp:attachment":[{"href":"https:\/\/dev.oldehansa.ee\/fi\/wp-json\/wp\/v2\/media?parent=1383"}],"curies":[{"name":"wp","href":"https:\/\/api.w.org\/{rel}","templated":true}]}}